{"id":1587,"date":"2024-05-15T03:53:17","date_gmt":"2024-05-15T01:53:17","guid":{"rendered":"https:\/\/zafraanensemble.com\/contact\/"},"modified":"2024-08-26T22:04:54","modified_gmt":"2024-08-26T20:04:54","slug":"contact","status":"publish","type":"page","link":"https:\/\/zafraanensemble.com\/en\/contact","title":{"rendered":"Contact"},"content":{"rendered":"\t\t<div data-elementor-type=\"wp-page\" data-elementor-id=\"1587\" class=\"elementor elementor-1587 elementor-1575\" data-elementor-post-type=\"page\">\n\t\t\t\t<div class=\"has_ae_slider elementor-element elementor-element-062ca20 e-flex e-con-boxed ae-bg-gallery-type-default e-con e-parent\" data-id=\"062ca20\" data-element_type=\"container\">\n\t\t\t\t\t<div class=\"e-con-inner\">\n\t\t\t\t<div class=\"elementor-element elementor-element-fb01941 elementor-widget elementor-widget-heading\" data-id=\"fb01941\" data-element_type=\"widget\" data-widget_type=\"heading.default\">\n\t\t\t\t<div class=\"elementor-widget-container\">\n\t\t\t\t\t<h1 class=\"elementor-heading-title elementor-size-default\">CONTACT<\/h1>\t\t\t\t<\/div>\n\t\t\t\t<\/div>\n\t\t\t\t<div class=\"elementor-element elementor-element-3aef282 elementor-widget elementor-widget-text-editor\" data-id=\"3aef282\" data-element_type=\"widget\" data-widget_type=\"text-editor.default\">\n\t\t\t\t<div class=\"elementor-widget-container\">\n\t\t\t\t\t\t\t\t\t<h4>ZAFRAAN ENSEMBLE<\/h4>\n<p>E-Mail: mail(at)zafraanensemble.com<br \/>Facebook: www.facebook.com\/zafraanensemble<br \/>Instagram: www.instagram.com\/zafraanensemble<br \/>Twitter: http:\/\/twitter.com\/zafraanski<\/p>\n<h4>MANAGEMENT<\/h4>\n<p>Sofia Surgutschowa \u2013 ssurgutschowa@zafraanensemble.com<br \/>Telephone: +33698388025<\/p>\n<h4>PRODUCTION MANAGER<\/h4>\n<p>Sophie Beck \u2013 sbeck@zafraanensemble.com<\/p>\n<h4>ZAFRAAN ENSEMBLE E.V.<\/h4>\n<p>Gustav-Adolf-Strasse 146a<br \/>13086 Berlin, Germany<br \/>Chairman: Clemens Hund-G\u00f6schel<br \/>Vice-chairs: Miguel P\u00e9rez I\u00f1esta and Daniel Eichholz<br \/>VR 31730 B, Charlottenburg District Court<\/p>\n\t\t\t\t\t\t\t\t<\/div>\n\t\t\t\t<\/div>\n\t\t\t\t\t<\/div>\n\t\t\t\t<\/div>\n\t\t\t\t<\/div>\n\t\t","protected":false},"excerpt":{"rendered":"<p>CONTACT ZAFRAAN ENSEMBLE E-Mail: mail(at)zafraanensemble.com Facebook: www.facebook.com\/zafraanensemble Instagram: www.instagram.com\/zafraanensemble Twitter: http:\/\/twitter.com\/zafraanski MANAGEMENT Sofia Surgutschowa \u2013 ssurgutschowa@zafraanensemble.com Telephone: +33698388025 PRODUCTION MANAGER Piotr van Gielle Ruppe \u2013 pvangielleruppe@zafraanensemble.com ZAFRAAN ENSEMBLE E.V. Gustav-Adolf-Strasse 146a 13086 Berlin, Germany Chairman: Clemens Hund-G\u00f6schel Vice-chairs: Miguel P\u00e9rez I\u00f1esta and Daniel Eichholz VR 31730 B, Charlottenburg District Court<\/p>\n","protected":false},"author":2,"featured_media":0,"parent":0,"menu_order":0,"comment_status":"closed","ping_status":"closed","template":"elementor_header_footer","meta":{"_acf_changed":false,"footnotes":""},"class_list":["post-1587","page","type-page","status-publish","hentry"],"acf":[],"_links":{"self":[{"href":"https:\/\/zafraanensemble.com\/en\/wp-json\/wp\/v2\/pages\/1587","targetHints":{"allow":["GET"]}}],"collection":[{"href":"https:\/\/zafraanensemble.com\/en\/wp-json\/wp\/v2\/pages"}],"about":[{"href":"https:\/\/zafraanensemble.com\/en\/wp-json\/wp\/v2\/types\/page"}],"author":[{"embeddable":true,"href":"https:\/\/zafraanensemble.com\/en\/wp-json\/wp\/v2\/users\/2"}],"replies":[{"embeddable":true,"href":"https:\/\/zafraanensemble.com\/en\/wp-json\/wp\/v2\/comments?post=1587"}],"version-history":[{"count":2,"href":"https:\/\/zafraanensemble.com\/en\/wp-json\/wp\/v2\/pages\/1587\/revisions"}],"predecessor-version":[{"id":3409,"href":"https:\/\/zafraanensemble.com\/en\/wp-json\/wp\/v2\/pages\/1587\/revisions\/3409"}],"wp:attachment":[{"href":"https:\/\/zafraanensemble.com\/en\/wp-json\/wp\/v2\/media?parent=1587"}],"curies":[{"name":"wp","href":"https:\/\/api.w.org\/{rel}","templated":true}]}}